{"id":1980,"date":"2022-02-19T12:12:19","date_gmt":"2022-02-19T11:12:19","guid":{"rendered":"https:\/\/www.blackurt.com\/?page_id=1980"},"modified":"2022-02-21T10:07:33","modified_gmt":"2022-02-21T09:07:33","slug":"mapping-motion","status":"publish","type":"page","link":"https:\/\/www.blackurt.com\/index.php\/mapping-motion\/","title":{"rendered":"Mapping Motion"},"content":{"rendered":"<p>[vc_row][vc_column css=\u00a0\u00bb.vc_custom_1645027307172{margin-top: 80px !important;}\u00a0\u00bb]\n\t\t\t<div class=\"section-title text-center\">\n\t\t\t\t<h3>mapping motion<\/h3>\n\t\t\t\t<p class=\"lead\">JUILLET 2020 I NOVEMBRE 2020<\/p>\n\t\t\t<\/div>\n\t\t[vc_row_inner equal_height=\u00a0\u00bbyes\u00a0\u00bb][vc_column_inner width=\u00a0\u00bb1\/2&Prime;][vc_single_image image=\u00a0\u00bb2046&Prime; img_size=\u00a0\u00bbfull\u00a0\u00bb alignment=\u00a0\u00bbcenter\u00a0\u00bb][\/vc_column_inner][vc_column_inner width=\u00a0\u00bb1\/2&Prime;][vc_column_text]<\/p>\n<p class=\"main-title lead\"><span style=\"color: #e73a4b;\">FORMATION AFTER EFFECT<\/span><\/p>\n<p class=\"txtparcour\">Formation en distanciel (\u00e9chelonn\u00e9e sur 12 semaines) au logiciel After Effects. Cours de motion design propos\u00e9 par Jeremy Fassio, motion designer bas\u00e9 \u00e0 Montr\u00e9al. Sp\u00e9cialis\u00e9 en animation 2D, r\u00e9alisateur multim\u00e9dia et motion designer sp\u00e9cialis\u00e9 dans l\u2019univers du spectacle, du mapping vid\u00e9o et de la typographie. \u00ab Ma\u00eetriser After Effects comme un pro \u00bb est \u00e0 ce jour la formation e-learning francophone la plus compl\u00e8te !<\/p>\n<ul class=\"circled\">\n<li>Les bases d\u2019After Effects<\/li>\n<li>Motion graphics<\/li>\n<li>Animation logo et identit\u00e9 visuelle<\/li>\n<li>La 3D dans After Effects<\/li>\n<li>Post production et FX<\/li>\n<li>Animation de personnages<\/li>\n<li>Les expressions<\/li>\n<li>Les transitions et le sound design<\/li>\n<li>Analyse de projets professionnels<\/li>\n<li>Projet de fin de formation<\/li>\n<li>Cours collectifs &amp; \u00e9tude des films finalis\u00e9s des \u00e9l\u00e8ves<\/li>\n<\/ul>\n<p class=\"txtparcour\">Une formation dense mais con\u00e7ue pour apporter l\u2019essentiel afin de devenir pro sur After Effects. Mapping Motion et Jeremy Fassio sont \u00e0 retrouver sur le site officiel <a href=\"https:\/\/mappingmotion.com\/\" target=\"_blank\" rel=\"noopener\">mappingmotion.com<\/a>, la page <a href=\"https:\/\/www.facebook.com\/mappingmotion\" target=\"_blank\" rel=\"noopener\">Facebook<\/a> ou la cha\u00eene <a href=\"https:\/\/www.youtube.com\/channel\/UCG_IvRbuQZGFLQZ0CcHAMAw\" target=\"_blank\" rel=\"noopener\">YouTube<\/a>.<\/p>\n<p>[\/vc_column_text][\/vc_column_inner][\/vc_row_inner][\/vc_column][\/vc_row]<\/p>\n","protected":false},"excerpt":{"rendered":"<p>[vc_row][vc_column css=\u00a0\u00bb.vc_custom_1645027307172{margin-top: 80px !important;}\u00a0\u00bb][vc_row_inner equal_height=\u00a0\u00bbyes\u00a0\u00bb][vc_column_inner width=\u00a0\u00bb1\/2&Prime;][vc_single_image image=\u00a0\u00bb2046&Prime; img_size=\u00a0\u00bbfull\u00a0\u00bb alignment=\u00a0\u00bbcenter\u00a0\u00bb][\/vc_column_inner][vc_column_inner width=\u00a0\u00bb1\/2&Prime;][vc_column_text] FORMATION AFTER EFFECT Formation en&#8230;<\/p>\n","protected":false},"author":1,"featured_media":0,"parent":0,"menu_order":0,"comment_status":"closed","ping_status":"closed","template":"","meta":{"footnotes":""},"class_list":["post-1980","page","type-page","status-publish","hentry"],"_links":{"self":[{"href":"https:\/\/www.blackurt.com\/index.php\/wp-json\/wp\/v2\/pages\/1980","targetHints":{"allow":["GET"]}}],"collection":[{"href":"https:\/\/www.blackurt.com\/index.php\/wp-json\/wp\/v2\/pages"}],"about":[{"href":"https:\/\/www.blackurt.com\/index.php\/wp-json\/wp\/v2\/types\/page"}],"author":[{"embeddable":true,"href":"https:\/\/www.blackurt.com\/index.php\/wp-json\/wp\/v2\/users\/1"}],"replies":[{"embeddable":true,"href":"https:\/\/www.blackurt.com\/index.php\/wp-json\/wp\/v2\/comments?post=1980"}],"version-history":[{"count":18,"href":"https:\/\/www.blackurt.com\/index.php\/wp-json\/wp\/v2\/pages\/1980\/revisions"}],"predecessor-version":[{"id":2063,"href":"https:\/\/www.blackurt.com\/index.php\/wp-json\/wp\/v2\/pages\/1980\/revisions\/2063"}],"wp:attachment":[{"href":"https:\/\/www.blackurt.com\/index.php\/wp-json\/wp\/v2\/media?parent=1980"}],"curies":[{"name":"wp","href":"https:\/\/api.w.org\/{rel}","templated":true}]}}